{"id":61421,"date":"2026-02-12T13:05:24","date_gmt":"2026-02-12T16:05:24","guid":{"rendered":"https:\/\/www.mendoza.gov.ar\/catalogoeconomiasocial\/?post_type=product&#038;p=61421"},"modified":"2026-02-12T13:05:45","modified_gmt":"2026-02-12T16:05:45","slug":"billetera-poquet","status":"publish","type":"product","link":"https:\/\/www.mendoza.gov.ar\/catalogoeconomiasocial\/producto\/billetera-poquet\/","title":{"rendered":"Billetera Poquet"},"content":{"rendered":"<!DOCTYPE html PUBLIC \"-\/\/W3C\/\/DTD HTML 4.0 Transitional\/\/EN\" \"http:\/\/www.w3.org\/TR\/REC-html40\/loose.dtd\">\n\n","protected":false},"excerpt":{"rendered":"La Billetera Pocket est\u00e1 confeccionada en PU, ofreciendo resistencia y una terminaci\u00f3n prolija y moderna. Su dise\u00f1o pr\u00e1ctico cuenta con 6 porta tarjetas y un espacio destinado a porta billetes, permitiendo mantener todo organizado de forma c\u00f3moda y segura. Todos los tarjeteros y el porta billetes est\u00e1n forrados en gross, lo que aporta mayor durabilidad y un acabado cuidado en cada detalle. Compacta y funcional, es ideal para el uso diario.\r\n\r\n\u2665 Mechita Bags utiliza t\u00e9cnicas de confecci\u00f3n tradicionales de marroquiner\u00eda, combinadas con procesos modernos de costura a m\u00e1quina para garantizar precisi\u00f3n y resistencia en cada producto. Todas las piezas cuentan con costuras reforzadas y un cuidadoso armado, priorizando la durabilidad, la funcionalidad y la calidad en cada detalle. En cuanto a los materiales, la marca trabaja con insumos seleccionados como PU, telas especiales de marroquiner\u00eda y cordura. Adem\u00e1s, optimiza el uso de cada material durante el proceso de corte y confecci\u00f3n, reutilizando los sobrantes para reducir el desperdicio. Con estos excedentes se realizan llaveros, correas y otros accesorios, promoviendo un aprovechamiento responsable de los recursos.","protected":false},"featured_media":61422,"comment_status":"open","ping_status":"closed","template":"","meta":[],"product_cat":[5923,6098,6205],"product_tag":[140,8268,7394],"_links":{"self":[{"href":"https:\/\/www.mendoza.gov.ar\/catalogoeconomiasocial\/wp-json\/wp\/v2\/product\/61421"}],"collection":[{"href":"https:\/\/www.mendoza.gov.ar\/catalogoeconomiasocial\/wp-json\/wp\/v2\/product"}],"about":[{"href":"https:\/\/www.mendoza.gov.ar\/catalogoeconomiasocial\/wp-json\/wp\/v2\/types\/product"}],"replies":[{"embeddable":true,"href":"https:\/\/www.mendoza.gov.ar\/catalogoeconomiasocial\/wp-json\/wp\/v2\/comments?post=61421"}],"wp:featuredmedia":[{"embeddable":true,"href":"https:\/\/www.mendoza.gov.ar\/catalogoeconomiasocial\/wp-json\/wp\/v2\/media\/61422"}],"wp:attachment":[{"href":"https:\/\/www.mendoza.gov.ar\/catalogoeconomiasocial\/wp-json\/wp\/v2\/media?parent=61421"}],"wp:term":[{"taxonomy":"product_cat","embeddable":true,"href":"https:\/\/www.mendoza.gov.ar\/catalogoeconomiasocial\/wp-json\/wp\/v2\/product_cat?post=61421"},{"taxonomy":"product_tag","embeddable":true,"href":"https:\/\/www.mendoza.gov.ar\/catalogoeconomiasocial\/wp-json\/wp\/v2\/product_tag?post=61421"}],"curies":[{"name":"wp","href":"https:\/\/api.w.org\/{rel}","templated":true}]}}