{"id":61426,"date":"2026-02-12T13:12:46","date_gmt":"2026-02-12T16:12:46","guid":{"rendered":"https:\/\/www.mendoza.gov.ar\/catalogoeconomiasocial\/?post_type=product&#038;p=61426"},"modified":"2026-02-12T13:12:47","modified_gmt":"2026-02-12T16:12:47","slug":"mates-en-ceramica","status":"publish","type":"product","link":"https:\/\/www.mendoza.gov.ar\/catalogoeconomiasocial\/producto\/mates-en-ceramica\/","title":{"rendered":"Mates en Cer\u00e1mica"},"content":{"rendered":"<!DOCTYPE html PUBLIC \"-\/\/W3C\/\/DTD HTML 4.0 Transitional\/\/EN\" \"http:\/\/www.w3.org\/TR\/REC-html40\/loose.dtd\">\n\n","protected":false},"excerpt":{"rendered":"Los productos de Caritas de Arcilla son piezas de cer\u00e1mica utilitaria pensadas para el hogar, creadas a partir de arcilla trabajada de manera artesanal y transformada cuidadosamente en cer\u00e1mica. Cada objeto nace del trabajo manual, del tiempo y del detalle, lo que hace que cada pieza sea \u00fanica. Son productos funcionales para la casa, pero tambi\u00e9n decorativos, donde la delicadeza, el buen gusto y la originalidad se combinan con el color y las formas simples. Buscamos que cada pieza acompa\u00f1e la vida cotidiana, aportando calidez, alegr\u00eda y un toque art\u00edstico a los espacios del hogar.","protected":false},"featured_media":61427,"comment_status":"open","ping_status":"closed","template":"","meta":[],"product_cat":[6046,6053,6054],"product_tag":[985,590],"_links":{"self":[{"href":"https:\/\/www.mendoza.gov.ar\/catalogoeconomiasocial\/wp-json\/wp\/v2\/product\/61426"}],"collection":[{"href":"https:\/\/www.mendoza.gov.ar\/catalogoeconomiasocial\/wp-json\/wp\/v2\/product"}],"about":[{"href":"https:\/\/www.mendoza.gov.ar\/catalogoeconomiasocial\/wp-json\/wp\/v2\/types\/product"}],"replies":[{"embeddable":true,"href":"https:\/\/www.mendoza.gov.ar\/catalogoeconomiasocial\/wp-json\/wp\/v2\/comments?post=61426"}],"wp:featuredmedia":[{"embeddable":true,"href":"https:\/\/www.mendoza.gov.ar\/catalogoeconomiasocial\/wp-json\/wp\/v2\/media\/61427"}],"wp:attachment":[{"href":"https:\/\/www.mendoza.gov.ar\/catalogoeconomiasocial\/wp-json\/wp\/v2\/media?parent=61426"}],"wp:term":[{"taxonomy":"product_cat","embeddable":true,"href":"https:\/\/www.mendoza.gov.ar\/catalogoeconomiasocial\/wp-json\/wp\/v2\/product_cat?post=61426"},{"taxonomy":"product_tag","embeddable":true,"href":"https:\/\/www.mendoza.gov.ar\/catalogoeconomiasocial\/wp-json\/wp\/v2\/product_tag?post=61426"}],"curies":[{"name":"wp","href":"https:\/\/api.w.org\/{rel}","templated":true}]}}