{"id":61496,"date":"2026-02-26T09:03:35","date_gmt":"2026-02-26T12:03:35","guid":{"rendered":"https:\/\/www.mendoza.gov.ar\/catalogoeconomiasocial\/?post_type=product&#038;p=61496"},"modified":"2026-02-26T09:03:35","modified_gmt":"2026-02-26T12:03:35","slug":"encuadernacion-artesanal","status":"publish","type":"product","link":"https:\/\/www.mendoza.gov.ar\/catalogoeconomiasocial\/producto\/encuadernacion-artesanal\/","title":{"rendered":"Encuadernaci\u00f3n Artesanal"},"content":{"rendered":"<!DOCTYPE html PUBLIC \"-\/\/W3C\/\/DTD HTML 4.0 Transitional\/\/EN\" \"http:\/\/www.w3.org\/TR\/REC-html40\/loose.dtd\">\n\n","protected":false},"excerpt":{"rendered":"Cuadernos, libretas y agendas realizadas a mano. Tapas duras o blandas, de cart\u00f3n, telas, material reusado y reproducciones de im\u00e1genes propias. Los interiores est\u00e1n hecho con papeles de distinto gramaje (75gr, 80gr, 120gr) en tonos neutros (ahuesado o blanco). Se aplican distintas t\u00e9cnicas de encuadernaci\u00f3n: costura francesa, japonesa y anillados de doble alambre.","protected":false},"featured_media":61497,"comment_status":"open","ping_status":"closed","template":"","meta":[],"product_cat":[6125,6126,6128],"product_tag":[6361,6364,2009],"_links":{"self":[{"href":"https:\/\/www.mendoza.gov.ar\/catalogoeconomiasocial\/wp-json\/wp\/v2\/product\/61496"}],"collection":[{"href":"https:\/\/www.mendoza.gov.ar\/catalogoeconomiasocial\/wp-json\/wp\/v2\/product"}],"about":[{"href":"https:\/\/www.mendoza.gov.ar\/catalogoeconomiasocial\/wp-json\/wp\/v2\/types\/product"}],"replies":[{"embeddable":true,"href":"https:\/\/www.mendoza.gov.ar\/catalogoeconomiasocial\/wp-json\/wp\/v2\/comments?post=61496"}],"wp:featuredmedia":[{"embeddable":true,"href":"https:\/\/www.mendoza.gov.ar\/catalogoeconomiasocial\/wp-json\/wp\/v2\/media\/61497"}],"wp:attachment":[{"href":"https:\/\/www.mendoza.gov.ar\/catalogoeconomiasocial\/wp-json\/wp\/v2\/media?parent=61496"}],"wp:term":[{"taxonomy":"product_cat","embeddable":true,"href":"https:\/\/www.mendoza.gov.ar\/catalogoeconomiasocial\/wp-json\/wp\/v2\/product_cat?post=61496"},{"taxonomy":"product_tag","embeddable":true,"href":"https:\/\/www.mendoza.gov.ar\/catalogoeconomiasocial\/wp-json\/wp\/v2\/product_tag?post=61496"}],"curies":[{"name":"wp","href":"https:\/\/api.w.org\/{rel}","templated":true}]}}