{"id":61522,"date":"2026-02-27T11:59:30","date_gmt":"2026-02-27T14:59:30","guid":{"rendered":"https:\/\/www.mendoza.gov.ar\/catalogoeconomiasocial\/?post_type=product&#038;p=61522"},"modified":"2026-02-27T11:59:30","modified_gmt":"2026-02-27T14:59:30","slug":"pulsera-estrella-de-mar","status":"publish","type":"product","link":"https:\/\/www.mendoza.gov.ar\/catalogoeconomiasocial\/producto\/pulsera-estrella-de-mar\/","title":{"rendered":"Pulsera Estrella de Mar"},"content":{"rendered":"<!DOCTYPE html PUBLIC \"-\/\/W3C\/\/DTD HTML 4.0 Transitional\/\/EN\" \"http:\/\/www.w3.org\/TR\/REC-html40\/loose.dtd\">\n\n","protected":false},"excerpt":{"rendered":"Pulseras \/ Tobilleras con estrellas de mar Materiales: Hilo encerado (resistente al agua y al desgaste) Mostacillas o cuentas de vinilo \/ arcilla polim\u00e9rica Dije central de estrella de mar ( material sint\u00e9tico tipo n\u00e1car) Cierre regulable (nudo corredizo o sistema ajustable) Proceso de elaboraci\u00f3n: Corte del hilo encerado seg\u00fan medida (mu\u00f1eca o tobillo). Enhebrado de cuentas en el orden crom\u00e1tico deseado (colores playeros vibrantes). Colocaci\u00f3n del dije central de estrella de mar asegur\u00e1ndolo con peque\u00f1os topes o nudos ocultos. Armado del sistema de ajuste con nudos corredizos para que sea regulable. Sellado de puntas con calor suave para evitar que se deshilache. Control de tensi\u00f3n y terminaci\u00f3n final","protected":false},"featured_media":61524,"comment_status":"open","ping_status":"closed","template":"","meta":[],"product_cat":[5923,6098,6102],"product_tag":[384,6504,1314],"_links":{"self":[{"href":"https:\/\/www.mendoza.gov.ar\/catalogoeconomiasocial\/wp-json\/wp\/v2\/product\/61522"}],"collection":[{"href":"https:\/\/www.mendoza.gov.ar\/catalogoeconomiasocial\/wp-json\/wp\/v2\/product"}],"about":[{"href":"https:\/\/www.mendoza.gov.ar\/catalogoeconomiasocial\/wp-json\/wp\/v2\/types\/product"}],"replies":[{"embeddable":true,"href":"https:\/\/www.mendoza.gov.ar\/catalogoeconomiasocial\/wp-json\/wp\/v2\/comments?post=61522"}],"wp:featuredmedia":[{"embeddable":true,"href":"https:\/\/www.mendoza.gov.ar\/catalogoeconomiasocial\/wp-json\/wp\/v2\/media\/61524"}],"wp:attachment":[{"href":"https:\/\/www.mendoza.gov.ar\/catalogoeconomiasocial\/wp-json\/wp\/v2\/media?parent=61522"}],"wp:term":[{"taxonomy":"product_cat","embeddable":true,"href":"https:\/\/www.mendoza.gov.ar\/catalogoeconomiasocial\/wp-json\/wp\/v2\/product_cat?post=61522"},{"taxonomy":"product_tag","embeddable":true,"href":"https:\/\/www.mendoza.gov.ar\/catalogoeconomiasocial\/wp-json\/wp\/v2\/product_tag?post=61522"}],"curies":[{"name":"wp","href":"https:\/\/api.w.org\/{rel}","templated":true}]}}