{"id":61528,"date":"2026-02-27T12:02:05","date_gmt":"2026-02-27T15:02:05","guid":{"rendered":"https:\/\/www.mendoza.gov.ar\/catalogoeconomiasocial\/?post_type=product&#038;p=61528"},"modified":"2026-02-27T12:02:05","modified_gmt":"2026-02-27T15:02:05","slug":"anillos-energia","status":"publish","type":"product","link":"https:\/\/www.mendoza.gov.ar\/catalogoeconomiasocial\/producto\/anillos-energia\/","title":{"rendered":"Anillos Energ\u00eda"},"content":{"rendered":"<!DOCTYPE html PUBLIC \"-\/\/W3C\/\/DTD HTML 4.0 Transitional\/\/EN\" \"http:\/\/www.w3.org\/TR\/REC-html40\/loose.dtd\">\n\n","protected":false},"excerpt":{"rendered":"Anillos de alpaca y acero con piedras energ\u00e9ticas Materiales: Base de alpaca Alambre de acero Piedras energ\u00e9ticas naturales (amatista, cuarzo cristal, ojo de tigre, turquesa, etc.) Proceso de elaboraci\u00f3n: Corte de alambre de acero o tira de alpaca. Modelado manual en forma circular seg\u00fan talle. Colocaci\u00f3n de la piedra: Engarzada con alambre enrollado O sujeta con estructura envolvente artesanal Ajuste y modelado final con pinzas de joyer\u00eda. Pulido manual para suavizar bordes. Muchos son regulables porque el alambre permite ajuste leve.","protected":false},"featured_media":61529,"comment_status":"open","ping_status":"closed","template":"","meta":[],"product_cat":[5923,6098,6102],"product_tag":[1374,1535],"_links":{"self":[{"href":"https:\/\/www.mendoza.gov.ar\/catalogoeconomiasocial\/wp-json\/wp\/v2\/product\/61528"}],"collection":[{"href":"https:\/\/www.mendoza.gov.ar\/catalogoeconomiasocial\/wp-json\/wp\/v2\/product"}],"about":[{"href":"https:\/\/www.mendoza.gov.ar\/catalogoeconomiasocial\/wp-json\/wp\/v2\/types\/product"}],"replies":[{"embeddable":true,"href":"https:\/\/www.mendoza.gov.ar\/catalogoeconomiasocial\/wp-json\/wp\/v2\/comments?post=61528"}],"wp:featuredmedia":[{"embeddable":true,"href":"https:\/\/www.mendoza.gov.ar\/catalogoeconomiasocial\/wp-json\/wp\/v2\/media\/61529"}],"wp:attachment":[{"href":"https:\/\/www.mendoza.gov.ar\/catalogoeconomiasocial\/wp-json\/wp\/v2\/media?parent=61528"}],"wp:term":[{"taxonomy":"product_cat","embeddable":true,"href":"https:\/\/www.mendoza.gov.ar\/catalogoeconomiasocial\/wp-json\/wp\/v2\/product_cat?post=61528"},{"taxonomy":"product_tag","embeddable":true,"href":"https:\/\/www.mendoza.gov.ar\/catalogoeconomiasocial\/wp-json\/wp\/v2\/product_tag?post=61528"}],"curies":[{"name":"wp","href":"https:\/\/api.w.org\/{rel}","templated":true}]}}