{"id":61531,"date":"2026-02-27T12:19:43","date_gmt":"2026-02-27T15:19:43","guid":{"rendered":"https:\/\/www.mendoza.gov.ar\/catalogoeconomiasocial\/?post_type=product&#038;p=61531"},"modified":"2026-02-27T12:19:44","modified_gmt":"2026-02-27T15:19:44","slug":"pack-1-de-postales","status":"publish","type":"product","link":"https:\/\/www.mendoza.gov.ar\/catalogoeconomiasocial\/producto\/pack-1-de-postales\/","title":{"rendered":"Pack 1 de Postales"},"content":{"rendered":"<!DOCTYPE html PUBLIC \"-\/\/W3C\/\/DTD HTML 4.0 Transitional\/\/EN\" \"http:\/\/www.w3.org\/TR\/REC-html40\/loose.dtd\">\n\n","protected":false},"excerpt":{"rendered":"Producto 1: Postal de Autor Individual (Hito a elecci\u00f3n) Definici\u00f3n: Pieza \u00fanica de dise\u00f1o que retrata un hito espec\u00edfico de la arquitectura o el paisaje mendocino. Proceso: Obra original de dibujo digital realizada a mano alzada en iPad, con el nivel de detalle y precisi\u00f3n de un estudio de arquitectura. Materialidad: Impresi\u00f3n de alta definici\u00f3n en papel premium de alto gramaje (250g) con terminaci\u00f3n mate. Medidas: Formato est\u00e1ndar de A5 (14,8 x 21,0 cent\u00edmetros.) Uso: Ideal como souvenir de alta gama, objeto coleccionable o pieza para enmarcar.","protected":false},"featured_media":61536,"comment_status":"open","ping_status":"closed","template":"","meta":[],"product_cat":[6149,6843],"product_tag":[6844,3808],"_links":{"self":[{"href":"https:\/\/www.mendoza.gov.ar\/catalogoeconomiasocial\/wp-json\/wp\/v2\/product\/61531"}],"collection":[{"href":"https:\/\/www.mendoza.gov.ar\/catalogoeconomiasocial\/wp-json\/wp\/v2\/product"}],"about":[{"href":"https:\/\/www.mendoza.gov.ar\/catalogoeconomiasocial\/wp-json\/wp\/v2\/types\/product"}],"replies":[{"embeddable":true,"href":"https:\/\/www.mendoza.gov.ar\/catalogoeconomiasocial\/wp-json\/wp\/v2\/comments?post=61531"}],"wp:featuredmedia":[{"embeddable":true,"href":"https:\/\/www.mendoza.gov.ar\/catalogoeconomiasocial\/wp-json\/wp\/v2\/media\/61536"}],"wp:attachment":[{"href":"https:\/\/www.mendoza.gov.ar\/catalogoeconomiasocial\/wp-json\/wp\/v2\/media?parent=61531"}],"wp:term":[{"taxonomy":"product_cat","embeddable":true,"href":"https:\/\/www.mendoza.gov.ar\/catalogoeconomiasocial\/wp-json\/wp\/v2\/product_cat?post=61531"},{"taxonomy":"product_tag","embeddable":true,"href":"https:\/\/www.mendoza.gov.ar\/catalogoeconomiasocial\/wp-json\/wp\/v2\/product_tag?post=61531"}],"curies":[{"name":"wp","href":"https:\/\/api.w.org\/{rel}","templated":true}]}}