{"id":61537,"date":"2026-02-27T12:31:25","date_gmt":"2026-02-27T15:31:25","guid":{"rendered":"https:\/\/www.mendoza.gov.ar\/catalogoeconomiasocial\/?post_type=product&#038;p=61537"},"modified":"2026-02-27T12:31:25","modified_gmt":"2026-02-27T15:31:25","slug":"pack-de-postales-x2-y-x3","status":"publish","type":"product","link":"https:\/\/www.mendoza.gov.ar\/catalogoeconomiasocial\/producto\/pack-de-postales-x2-y-x3\/","title":{"rendered":"Pack de Postales x2 y x3"},"content":{"rendered":"<!DOCTYPE html PUBLIC \"-\/\/W3C\/\/DTD HTML 4.0 Transitional\/\/EN\" \"http:\/\/www.w3.org\/TR\/REC-html40\/loose.dtd\">\n\n","protected":false},"excerpt":{"rendered":"Producto 2: Pack D\u00fao (Set de 2 unidades)\r\n\r\nDefinici\u00f3n: Conjunto de dos ilustraciones seleccionadas por el cliente para crear una peque\u00f1a serie tem\u00e1tica.\r\n\r\nVersatilidad: Permite combinar, por ejemplo, un hito urbano con uno de monta\u00f1a o una bodega, ofreciendo una visi\u00f3n binaria de la provincia.\r\n\r\nValor Agregado: Presentaci\u00f3n pensada para un regalo personal con identidad local, manteniendo la calidad de impresi\u00f3n de autor del Arq. Fabi\u00e1n Trifir\u00f3.\r\n\r\nProducto 3: Pack Tr\u00edo (Set de 3 unidades)\r\n\r\nDefinici\u00f3n: Tr\u00edptico decorativo dise\u00f1ado para conformar una serie visual arm\u00f3nica en espacios de oficina u hogar. Caracter\u00edsticas: Selecci\u00f3n libre del cat\u00e1logo de 11 hitos, permitiendo al usuario curar su propia colecci\u00f3n seg\u00fan su preferencia est\u00e9tica o geogr\u00e1fica.\r\n\r\nImpacto: Es el formato m\u00e1s buscado para decoraci\u00f3n de interiores debido a su equilibrio visual al ser expuesto en conjunto.","protected":false},"featured_media":61538,"comment_status":"open","ping_status":"closed","template":"","meta":[],"product_cat":[6149,6843],"product_tag":[6986,3808],"_links":{"self":[{"href":"https:\/\/www.mendoza.gov.ar\/catalogoeconomiasocial\/wp-json\/wp\/v2\/product\/61537"}],"collection":[{"href":"https:\/\/www.mendoza.gov.ar\/catalogoeconomiasocial\/wp-json\/wp\/v2\/product"}],"about":[{"href":"https:\/\/www.mendoza.gov.ar\/catalogoeconomiasocial\/wp-json\/wp\/v2\/types\/product"}],"replies":[{"embeddable":true,"href":"https:\/\/www.mendoza.gov.ar\/catalogoeconomiasocial\/wp-json\/wp\/v2\/comments?post=61537"}],"wp:featuredmedia":[{"embeddable":true,"href":"https:\/\/www.mendoza.gov.ar\/catalogoeconomiasocial\/wp-json\/wp\/v2\/media\/61538"}],"wp:attachment":[{"href":"https:\/\/www.mendoza.gov.ar\/catalogoeconomiasocial\/wp-json\/wp\/v2\/media?parent=61537"}],"wp:term":[{"taxonomy":"product_cat","embeddable":true,"href":"https:\/\/www.mendoza.gov.ar\/catalogoeconomiasocial\/wp-json\/wp\/v2\/product_cat?post=61537"},{"taxonomy":"product_tag","embeddable":true,"href":"https:\/\/www.mendoza.gov.ar\/catalogoeconomiasocial\/wp-json\/wp\/v2\/product_tag?post=61537"}],"curies":[{"name":"wp","href":"https:\/\/api.w.org\/{rel}","templated":true}]}}