{"id":61571,"date":"2026-03-04T10:09:02","date_gmt":"2026-03-04T13:09:02","guid":{"rendered":"https:\/\/www.mendoza.gov.ar\/catalogoeconomiasocial\/?post_type=product&#038;p=61571"},"modified":"2026-03-04T10:09:02","modified_gmt":"2026-03-04T13:09:02","slug":"remera-capsula-dev","status":"publish","type":"product","link":"https:\/\/www.mendoza.gov.ar\/catalogoeconomiasocial\/producto\/remera-capsula-dev\/","title":{"rendered":"Remera C\u00e1psula DEV"},"content":{"rendered":"<!DOCTYPE html PUBLIC \"-\/\/W3C\/\/DTD HTML 4.0 Transitional\/\/EN\" \"http:\/\/www.w3.org\/TR\/REC-html40\/loose.dtd\">\n\n","protected":false},"excerpt":{"rendered":"Tres remeras que hacen honor a tres hitos del software y la programaci\u00f3n que marcaron el inicio de nuestra era tecnol\u00f3gica. Error 404: el &#8220;hito&#8221; de lo que no est\u00e1, convertido en el icono universal de la navegaci\u00f3n y la curiosidad digital. Linux: representa la libertad del c\u00f3digo abierto y la arquitectura que sostiene casi toda la web moderna. Hellow Wordl: las primeras palabras que todo programador escribe para dar vida a una idea, desde una mirada c\u00f3mica. Material: algod\u00f3n peinado, corte oversize Estampa artesanal: serigraf\u00eda con tintas al agua Talles: S al 3XL Revisar tabla de talles y disponibilidad en nuestra tienda: https:\/\/www.wearenerdos.com\/","protected":false},"featured_media":61575,"comment_status":"open","ping_status":"closed","template":"","meta":[],"product_cat":[5923,6098,6100],"product_tag":[1380],"_links":{"self":[{"href":"https:\/\/www.mendoza.gov.ar\/catalogoeconomiasocial\/wp-json\/wp\/v2\/product\/61571"}],"collection":[{"href":"https:\/\/www.mendoza.gov.ar\/catalogoeconomiasocial\/wp-json\/wp\/v2\/product"}],"about":[{"href":"https:\/\/www.mendoza.gov.ar\/catalogoeconomiasocial\/wp-json\/wp\/v2\/types\/product"}],"replies":[{"embeddable":true,"href":"https:\/\/www.mendoza.gov.ar\/catalogoeconomiasocial\/wp-json\/wp\/v2\/comments?post=61571"}],"wp:featuredmedia":[{"embeddable":true,"href":"https:\/\/www.mendoza.gov.ar\/catalogoeconomiasocial\/wp-json\/wp\/v2\/media\/61575"}],"wp:attachment":[{"href":"https:\/\/www.mendoza.gov.ar\/catalogoeconomiasocial\/wp-json\/wp\/v2\/media?parent=61571"}],"wp:term":[{"taxonomy":"product_cat","embeddable":true,"href":"https:\/\/www.mendoza.gov.ar\/catalogoeconomiasocial\/wp-json\/wp\/v2\/product_cat?post=61571"},{"taxonomy":"product_tag","embeddable":true,"href":"https:\/\/www.mendoza.gov.ar\/catalogoeconomiasocial\/wp-json\/wp\/v2\/product_tag?post=61571"}],"curies":[{"name":"wp","href":"https:\/\/api.w.org\/{rel}","templated":true}]}}