{"id":61653,"date":"2026-03-16T11:06:08","date_gmt":"2026-03-16T14:06:08","guid":{"rendered":"https:\/\/www.mendoza.gov.ar\/catalogoeconomiasocial\/?post_type=product&#038;p=61653"},"modified":"2026-03-16T11:06:09","modified_gmt":"2026-03-16T14:06:09","slug":"carameleras","status":"publish","type":"product","link":"https:\/\/www.mendoza.gov.ar\/catalogoeconomiasocial\/producto\/carameleras\/","title":{"rendered":"Carameleras"},"content":{"rendered":"<!DOCTYPE html PUBLIC \"-\/\/W3C\/\/DTD HTML 4.0 Transitional\/\/EN\" \"http:\/\/www.w3.org\/TR\/REC-html40\/loose.dtd\">\n\n","protected":false},"excerpt":{"rendered":"Velas arom\u00e1ticas artesanales elaboradas con cera de soja, dise\u00f1adas para crear ambientes c\u00e1lidos y armoniosos. Cada vela est\u00e1 decorada con delicadas flores de cera que le dan un estilo elegante y natural, convirti\u00e9ndola tanto en una pieza arom\u00e1tica como decorativa. Se destacan por su presentaci\u00f3n delicada y est\u00e9tica, ideales para regalar o decorar cualquier espacio. Las bases est\u00e1n hechas de yeso cer\u00e1mico artesanal, lo que aporta firmeza, estilo y permite reutilizarlas luego como contenedor decorativo. \u2728 Caracter\u00edsticas: Cera de soja arom\u00e1tica Decoraci\u00f3n floral artesanal en cera Base de yeso cer\u00e1mico hecha a mano Combina decoraci\u00f3n y fragancia Ideal para regalos, souvenirs o ambientar espacios Una vela pensada para perfumar, decorar y transmitir calma en cada rinc\u00f3n del hogar.","protected":false},"featured_media":61659,"comment_status":"open","ping_status":"closed","template":"","meta":[],"product_cat":[6046,6053,6058,6076],"product_tag":[6347],"_links":{"self":[{"href":"https:\/\/www.mendoza.gov.ar\/catalogoeconomiasocial\/wp-json\/wp\/v2\/product\/61653"}],"collection":[{"href":"https:\/\/www.mendoza.gov.ar\/catalogoeconomiasocial\/wp-json\/wp\/v2\/product"}],"about":[{"href":"https:\/\/www.mendoza.gov.ar\/catalogoeconomiasocial\/wp-json\/wp\/v2\/types\/product"}],"replies":[{"embeddable":true,"href":"https:\/\/www.mendoza.gov.ar\/catalogoeconomiasocial\/wp-json\/wp\/v2\/comments?post=61653"}],"wp:featuredmedia":[{"embeddable":true,"href":"https:\/\/www.mendoza.gov.ar\/catalogoeconomiasocial\/wp-json\/wp\/v2\/media\/61659"}],"wp:attachment":[{"href":"https:\/\/www.mendoza.gov.ar\/catalogoeconomiasocial\/wp-json\/wp\/v2\/media?parent=61653"}],"wp:term":[{"taxonomy":"product_cat","embeddable":true,"href":"https:\/\/www.mendoza.gov.ar\/catalogoeconomiasocial\/wp-json\/wp\/v2\/product_cat?post=61653"},{"taxonomy":"product_tag","embeddable":true,"href":"https:\/\/www.mendoza.gov.ar\/catalogoeconomiasocial\/wp-json\/wp\/v2\/product_tag?post=61653"}],"curies":[{"name":"wp","href":"https:\/\/api.w.org\/{rel}","templated":true}]}}