{"id":61667,"date":"2026-03-16T11:10:01","date_gmt":"2026-03-16T14:10:01","guid":{"rendered":"https:\/\/www.mendoza.gov.ar\/catalogoeconomiasocial\/?post_type=product&#038;p=61667"},"modified":"2026-03-16T11:10:01","modified_gmt":"2026-03-16T14:10:01","slug":"velas-de-ositos","status":"publish","type":"product","link":"https:\/\/www.mendoza.gov.ar\/catalogoeconomiasocial\/producto\/velas-de-ositos\/","title":{"rendered":"Velas de Ositos"},"content":{"rendered":"<!DOCTYPE html PUBLIC \"-\/\/W3C\/\/DTD HTML 4.0 Transitional\/\/EN\" \"http:\/\/www.w3.org\/TR\/REC-html40\/loose.dtd\">\n\n","protected":false},"excerpt":{"rendered":"Velas arom\u00e1ticas artesanales de cera de soja con dise\u00f1o de osito, elaboradas cuidadosamente a mano y con un acabado suave que imita la textura de un peluche. Su estilo tierno y delicado las convierte en un detalle encantador para souvenirs de nacimiento, baby shower, bautismos o celebraciones en general. Se destacan por su dise\u00f1o adorable, su aroma suave y su valor decorativo, siendo un recuerdo especial para regalar a los invitados o decorar mesas dulces y espacios tem\u00e1ticos. Un peque\u00f1o detalle que transmite ternura, calidez y dulzura en cada ocasi\u00f3n. \ud83e\uddf8\ud83d\udd6f\ufe0f\u2728","protected":false},"featured_media":61662,"comment_status":"open","ping_status":"closed","template":"","meta":[],"product_cat":[6046,6058,6067,6076],"product_tag":[821,2100],"_links":{"self":[{"href":"https:\/\/www.mendoza.gov.ar\/catalogoeconomiasocial\/wp-json\/wp\/v2\/product\/61667"}],"collection":[{"href":"https:\/\/www.mendoza.gov.ar\/catalogoeconomiasocial\/wp-json\/wp\/v2\/product"}],"about":[{"href":"https:\/\/www.mendoza.gov.ar\/catalogoeconomiasocial\/wp-json\/wp\/v2\/types\/product"}],"replies":[{"embeddable":true,"href":"https:\/\/www.mendoza.gov.ar\/catalogoeconomiasocial\/wp-json\/wp\/v2\/comments?post=61667"}],"wp:featuredmedia":[{"embeddable":true,"href":"https:\/\/www.mendoza.gov.ar\/catalogoeconomiasocial\/wp-json\/wp\/v2\/media\/61662"}],"wp:attachment":[{"href":"https:\/\/www.mendoza.gov.ar\/catalogoeconomiasocial\/wp-json\/wp\/v2\/media?parent=61667"}],"wp:term":[{"taxonomy":"product_cat","embeddable":true,"href":"https:\/\/www.mendoza.gov.ar\/catalogoeconomiasocial\/wp-json\/wp\/v2\/product_cat?post=61667"},{"taxonomy":"product_tag","embeddable":true,"href":"https:\/\/www.mendoza.gov.ar\/catalogoeconomiasocial\/wp-json\/wp\/v2\/product_tag?post=61667"}],"curies":[{"name":"wp","href":"https:\/\/api.w.org\/{rel}","templated":true}]}}