{"id":61699,"date":"2026-03-17T10:55:53","date_gmt":"2026-03-17T13:55:53","guid":{"rendered":"https:\/\/www.mendoza.gov.ar\/catalogoeconomiasocial\/?post_type=product&#038;p=61699"},"modified":"2026-03-17T10:55:54","modified_gmt":"2026-03-17T13:55:54","slug":"monederos-y-billeteras","status":"publish","type":"product","link":"https:\/\/www.mendoza.gov.ar\/catalogoeconomiasocial\/producto\/monederos-y-billeteras\/","title":{"rendered":"Monederos y Billeteras"},"content":{"rendered":"<!DOCTYPE html PUBLIC \"-\/\/W3C\/\/DTD HTML 4.0 Transitional\/\/EN\" \"http:\/\/www.w3.org\/TR\/REC-html40\/loose.dtd\">\n\n","protected":false},"excerpt":{"rendered":"Tambi\u00e9n fabricamos accesorios que abarcan un poco mas all\u00e1 de los bebes, llegando a ni\u00f1os y\/o mujeres. Como juguetes did\u00e1cticos para ni\u00f1os, ri\u00f1oneras o billeteras infantiles, neceser, cartucheras, mochilas, etc. Utilizando telas aptas para su uso. En los accesorios que requieren se utilizan telas impermeables para su f\u00e1cil limpieza.","protected":false},"featured_media":61700,"comment_status":"open","ping_status":"closed","template":"","meta":[],"product_cat":[5923,6098,6205],"product_tag":[17,554,849],"_links":{"self":[{"href":"https:\/\/www.mendoza.gov.ar\/catalogoeconomiasocial\/wp-json\/wp\/v2\/product\/61699"}],"collection":[{"href":"https:\/\/www.mendoza.gov.ar\/catalogoeconomiasocial\/wp-json\/wp\/v2\/product"}],"about":[{"href":"https:\/\/www.mendoza.gov.ar\/catalogoeconomiasocial\/wp-json\/wp\/v2\/types\/product"}],"replies":[{"embeddable":true,"href":"https:\/\/www.mendoza.gov.ar\/catalogoeconomiasocial\/wp-json\/wp\/v2\/comments?post=61699"}],"wp:featuredmedia":[{"embeddable":true,"href":"https:\/\/www.mendoza.gov.ar\/catalogoeconomiasocial\/wp-json\/wp\/v2\/media\/61700"}],"wp:attachment":[{"href":"https:\/\/www.mendoza.gov.ar\/catalogoeconomiasocial\/wp-json\/wp\/v2\/media?parent=61699"}],"wp:term":[{"taxonomy":"product_cat","embeddable":true,"href":"https:\/\/www.mendoza.gov.ar\/catalogoeconomiasocial\/wp-json\/wp\/v2\/product_cat?post=61699"},{"taxonomy":"product_tag","embeddable":true,"href":"https:\/\/www.mendoza.gov.ar\/catalogoeconomiasocial\/wp-json\/wp\/v2\/product_tag?post=61699"}],"curies":[{"name":"wp","href":"https:\/\/api.w.org\/{rel}","templated":true}]}}