{"id":61714,"date":"2026-03-17T11:58:25","date_gmt":"2026-03-17T14:58:25","guid":{"rendered":"https:\/\/www.mendoza.gov.ar\/catalogoeconomiasocial\/?post_type=product&#038;p=61714"},"modified":"2026-03-17T11:58:25","modified_gmt":"2026-03-17T14:58:25","slug":"terrones-de-azucar-coloridos","status":"publish","type":"product","link":"https:\/\/www.mendoza.gov.ar\/catalogoeconomiasocial\/producto\/terrones-de-azucar-coloridos\/","title":{"rendered":"Terrones de Az\u00facar Coloridos"},"content":{"rendered":"<!DOCTYPE html PUBLIC \"-\/\/W3C\/\/DTD HTML 4.0 Transitional\/\/EN\" \"http:\/\/www.w3.org\/TR\/REC-html40\/loose.dtd\">\n\n","protected":false},"excerpt":{"rendered":"Nuestros terrones de az\u00facar artesanales est\u00e1n elaborados de manera cuidadosa utilizando az\u00facar com\u00fan, mascabo y org\u00e1nica, combinados con colorantes naturales comestibles. Cada pieza es \u00fanica y est\u00e1 pensada para aportar un toque especial, delicado y original a cada infusi\u00f3n o momento dulce.","protected":false},"featured_media":61715,"comment_status":"open","ping_status":"closed","template":"","meta":[],"product_cat":[7242,6762,5946,6040],"product_tag":[7246,8294,1568,821,8293],"_links":{"self":[{"href":"https:\/\/www.mendoza.gov.ar\/catalogoeconomiasocial\/wp-json\/wp\/v2\/product\/61714"}],"collection":[{"href":"https:\/\/www.mendoza.gov.ar\/catalogoeconomiasocial\/wp-json\/wp\/v2\/product"}],"about":[{"href":"https:\/\/www.mendoza.gov.ar\/catalogoeconomiasocial\/wp-json\/wp\/v2\/types\/product"}],"replies":[{"embeddable":true,"href":"https:\/\/www.mendoza.gov.ar\/catalogoeconomiasocial\/wp-json\/wp\/v2\/comments?post=61714"}],"wp:featuredmedia":[{"embeddable":true,"href":"https:\/\/www.mendoza.gov.ar\/catalogoeconomiasocial\/wp-json\/wp\/v2\/media\/61715"}],"wp:attachment":[{"href":"https:\/\/www.mendoza.gov.ar\/catalogoeconomiasocial\/wp-json\/wp\/v2\/media?parent=61714"}],"wp:term":[{"taxonomy":"product_cat","embeddable":true,"href":"https:\/\/www.mendoza.gov.ar\/catalogoeconomiasocial\/wp-json\/wp\/v2\/product_cat?post=61714"},{"taxonomy":"product_tag","embeddable":true,"href":"https:\/\/www.mendoza.gov.ar\/catalogoeconomiasocial\/wp-json\/wp\/v2\/product_tag?post=61714"}],"curies":[{"name":"wp","href":"https:\/\/api.w.org\/{rel}","templated":true}]}}