{"id":61801,"date":"2026-04-14T12:41:47","date_gmt":"2026-04-14T15:41:47","guid":{"rendered":"https:\/\/www.mendoza.gov.ar\/catalogoeconomiasocial\/?post_type=product&#038;p=61801"},"modified":"2026-04-14T12:41:48","modified_gmt":"2026-04-14T15:41:48","slug":"kit-de-sahumo-poderosa-magia","status":"publish","type":"product","link":"https:\/\/www.mendoza.gov.ar\/catalogoeconomiasocial\/producto\/kit-de-sahumo-poderosa-magia\/","title":{"rendered":"Kit de Sahumo Poderosa Magia"},"content":{"rendered":"<!DOCTYPE html PUBLIC \"-\/\/W3C\/\/DTD HTML 4.0 Transitional\/\/EN\" \"http:\/\/www.w3.org\/TR\/REC-html40\/loose.dtd\">\n\n","protected":false},"excerpt":{"rendered":"Hierbas y resinas para equilibrar los espacios, favoreciendo la apertura, liberaci\u00f3n y purificaci\u00f3n. Muy poderosa: limpia los espacios, protege y atrae energ\u00eda positiva. Activa la energ\u00eda transmutadora. Permite que el ambiente se torne m\u00e1s liviano, protegi\u00e9ndolo de todo lo negativo. Ideal para elevar la frecuencia vibratoria. Brinda claridad. Contenido del kit: Mirra, incienso, lavanda, romero, salvia blanca, benju\u00ed, naranja, sahumador, bombitas, carboncitos e inciensos.","protected":false},"featured_media":61803,"comment_status":"open","ping_status":"closed","template":"","meta":[],"product_cat":[6046,6047,6048],"product_tag":[6829,8302,7803],"_links":{"self":[{"href":"https:\/\/www.mendoza.gov.ar\/catalogoeconomiasocial\/wp-json\/wp\/v2\/product\/61801"}],"collection":[{"href":"https:\/\/www.mendoza.gov.ar\/catalogoeconomiasocial\/wp-json\/wp\/v2\/product"}],"about":[{"href":"https:\/\/www.mendoza.gov.ar\/catalogoeconomiasocial\/wp-json\/wp\/v2\/types\/product"}],"replies":[{"embeddable":true,"href":"https:\/\/www.mendoza.gov.ar\/catalogoeconomiasocial\/wp-json\/wp\/v2\/comments?post=61801"}],"wp:featuredmedia":[{"embeddable":true,"href":"https:\/\/www.mendoza.gov.ar\/catalogoeconomiasocial\/wp-json\/wp\/v2\/media\/61803"}],"wp:attachment":[{"href":"https:\/\/www.mendoza.gov.ar\/catalogoeconomiasocial\/wp-json\/wp\/v2\/media?parent=61801"}],"wp:term":[{"taxonomy":"product_cat","embeddable":true,"href":"https:\/\/www.mendoza.gov.ar\/catalogoeconomiasocial\/wp-json\/wp\/v2\/product_cat?post=61801"},{"taxonomy":"product_tag","embeddable":true,"href":"https:\/\/www.mendoza.gov.ar\/catalogoeconomiasocial\/wp-json\/wp\/v2\/product_tag?post=61801"}],"curies":[{"name":"wp","href":"https:\/\/api.w.org\/{rel}","templated":true}]}}