{"id":62044,"date":"2026-05-15T11:42:56","date_gmt":"2026-05-15T14:42:56","guid":{"rendered":"https:\/\/www.mendoza.gov.ar\/catalogoeconomiasocial\/?post_type=product&#038;p=62044"},"modified":"2026-05-15T11:42:57","modified_gmt":"2026-05-15T14:42:57","slug":"centro-de-mesa-al-crochet-2","status":"publish","type":"product","link":"https:\/\/www.mendoza.gov.ar\/catalogoeconomiasocial\/producto\/centro-de-mesa-al-crochet-2\/","title":{"rendered":"Centro de Mesa al Crochet"},"content":{"rendered":"<!DOCTYPE html PUBLIC \"-\/\/W3C\/\/DTD HTML 4.0 Transitional\/\/EN\" \"http:\/\/www.w3.org\/TR\/REC-html40\/loose.dtd\">\n\n","protected":false},"excerpt":{"rendered":"Tejido a mano con la t\u00e9cnica crochet utilizando lana, aguja de crochet y tijera para terminaciones. La funda se realiz\u00f3 para cubrir la bolsa de agua caliente logrando un ajuste c\u00f3modo y seguro. En la confecci\u00f3n del tejido se hicieron cambios de color para resaltar el dise\u00f1o artesanal. Finalmente se realizaron las terminaciones y se agreg\u00f3 una soguita tejida ajustable en la parte superior para facilitar el cierre y mantener la bolsa correctamente sujetada dentro de la funda.","protected":false},"featured_media":62047,"comment_status":"open","ping_status":"closed","template":"","meta":[],"product_cat":[6046,6058,6067,6068],"product_tag":[843],"_links":{"self":[{"href":"https:\/\/www.mendoza.gov.ar\/catalogoeconomiasocial\/wp-json\/wp\/v2\/product\/62044"}],"collection":[{"href":"https:\/\/www.mendoza.gov.ar\/catalogoeconomiasocial\/wp-json\/wp\/v2\/product"}],"about":[{"href":"https:\/\/www.mendoza.gov.ar\/catalogoeconomiasocial\/wp-json\/wp\/v2\/types\/product"}],"replies":[{"embeddable":true,"href":"https:\/\/www.mendoza.gov.ar\/catalogoeconomiasocial\/wp-json\/wp\/v2\/comments?post=62044"}],"wp:featuredmedia":[{"embeddable":true,"href":"https:\/\/www.mendoza.gov.ar\/catalogoeconomiasocial\/wp-json\/wp\/v2\/media\/62047"}],"wp:attachment":[{"href":"https:\/\/www.mendoza.gov.ar\/catalogoeconomiasocial\/wp-json\/wp\/v2\/media?parent=62044"}],"wp:term":[{"taxonomy":"product_cat","embeddable":true,"href":"https:\/\/www.mendoza.gov.ar\/catalogoeconomiasocial\/wp-json\/wp\/v2\/product_cat?post=62044"},{"taxonomy":"product_tag","embeddable":true,"href":"https:\/\/www.mendoza.gov.ar\/catalogoeconomiasocial\/wp-json\/wp\/v2\/product_tag?post=62044"}],"curies":[{"name":"wp","href":"https:\/\/api.w.org\/{rel}","templated":true}]}}