{"id":385697,"date":"2023-11-27T10:30:55","date_gmt":"2023-11-27T13:30:55","guid":{"rendered":"https:\/\/www.mendoza.gov.ar\/prensa\/?page_id=385697"},"modified":"2023-11-28T13:02:47","modified_gmt":"2023-11-28T16:02:47","slug":"incendios-2023","status":"publish","type":"page","link":"https:\/\/www.mendoza.gov.ar\/prensa\/incendios-2023\/","title":{"rendered":"Este verano se esperan temperaturas extremas. La situaci\u00f3n es cr\u00edtica, la vegetaci\u00f3n de Mendoza arde con facilidad."},"content":{"rendered":"<!DOCTYPE html PUBLIC \"-\/\/W3C\/\/DTD HTML 4.0 Transitional\/\/EN\" \"http:\/\/www.w3.org\/TR\/REC-html40\/loose.dtd\">\n<html><body><p class=\"has-text-align-left\" style=\"font-size:24px\">Incendios forestales<\/p>\n\n\n\n<p>Un incendio forestal es un fuego descontrolado de r&aacute;pida propagaci&oacute;n que afecta a bosques, llanuras, pastizales, pasturas, entre otras.<\/p>\n\n\n\n<p>El <strong>95%<\/strong> de los incendios forestales son producidos por la mano del hombre, siendo dentro de estos los principales escenarios fogatas y colillas de cigarrillos mal apagadas, el abandono de tierras, la preparaci&oacute;n de &aacute;reas de pastoreo con fuego. <\/p>\n\n\n\n<p>Los <strong>factores clim&aacute;ticos como la falta de precipitaciones<\/strong>, las temperaturas elevadas, el bajo porcentaje de humedad, las heladas constantes y los vientos fuertes inciden en su propagaci&oacute;n. <\/p>\n\n\n\n<p><\/p>\n\n\n\n<figure class=\"wp-block-embed-youtube wp-block-embed is-type-video is-provider-youtube wp-embed-aspect-16-9 wp-has-aspect-ratio\"><div class=\"wp-block-embed__wrapper\">\n<iframe title=\"El fuego nos pone en peligro a todos. &#128680;&#128293;\" width=\"900\" height=\"506\" src=\"https:\/\/www.youtube.com\/embed\/DQJ4uLREpNg?feature=oembed\" frameborder=\"0\" allow=\"accelerometer; autoplay; clipboard-write; encrypted-media; gyroscope; picture-in-picture; web-share\" allowfullscreen><\/iframe>\n<\/div><\/figure>\n\n\n\n<h3>Qu&eacute; hacer caso de incendios forestales<\/h3>\n\n\n\n<ul><li>Mantener la calma y dar aviso al 911<\/li><li>Actuar pero no asumir riesgos in&uacute;tiles.<\/li><li>No exponerse mucho tiempo al humo: puede asfixiarlo y hacerle perder el sentido.<\/li><li>Evacuar el lugar hacia el lado contrario de las llamas si no sabe c&oacute;mo actuar.<\/li><\/ul>\n\n\n\n<p>Evitemos cat&aacute;strofes. <\/p>\n\n\n\n<p><\/p>\n\n\n\n<p><\/p>\n\n\n\n<p>fuente:https:\/\/www.argentina.gob.ar\/ambiente\/fuego\/servicio-nacional<\/p>\n<\/body><\/html>\n","protected":false},"excerpt":{"rendered":"Incendios forestales Un incendio forestal es un fuego descontrolado de r&aacute;pida propagaci&oacute;n que afecta a bosques, llanuras, pastizales, pasturas, entre otras. El 95% de los incendios forestales son producidos por la mano del hombre, siendo dentro de estos los principales escenarios fogatas y colillas de cigarrillos mal apagadas, el abandono de tierras, la preparaci&oacute;n de&#8230; <a class=\"view-article\" href=\"https:\/\/www.mendoza.gov.ar\/prensa\/incendios-2023\/\"><\/a>","protected":false},"author":234,"featured_media":386230,"parent":0,"menu_order":0,"comment_status":"closed","ping_status":"closed","template":"","meta":[],"_links":{"self":[{"href":"https:\/\/www.mendoza.gov.ar\/prensa\/wp-json\/wp\/v2\/pages\/385697"}],"collection":[{"href":"https:\/\/www.mendoza.gov.ar\/prensa\/wp-json\/wp\/v2\/pages"}],"about":[{"href":"https:\/\/www.mendoza.gov.ar\/prensa\/wp-json\/wp\/v2\/types\/page"}],"author":[{"embeddable":true,"href":"https:\/\/www.mendoza.gov.ar\/prensa\/wp-json\/wp\/v2\/users\/234"}],"replies":[{"embeddable":true,"href":"https:\/\/www.mendoza.gov.ar\/prensa\/wp-json\/wp\/v2\/comments?post=385697"}],"version-history":[{"count":28,"href":"https:\/\/www.mendoza.gov.ar\/prensa\/wp-json\/wp\/v2\/pages\/385697\/revisions"}],"predecessor-version":[{"id":386233,"href":"https:\/\/www.mendoza.gov.ar\/prensa\/wp-json\/wp\/v2\/pages\/385697\/revisions\/386233"}],"wp:featuredmedia":[{"embeddable":true,"href":"https:\/\/www.mendoza.gov.ar\/prensa\/wp-json\/wp\/v2\/media\/386230"}],"wp:attachment":[{"href":"https:\/\/www.mendoza.gov.ar\/prensa\/wp-json\/wp\/v2\/media?parent=385697"}],"curies":[{"name":"wp","href":"https:\/\/api.w.org\/{rel}","templated":true}]}}